{"id":5465,"date":"2025-04-11T08:13:13","date_gmt":"2025-04-11T08:13:13","guid":{"rendered":"https:\/\/fullout-agency.com\/portfolio-side-by-side\/"},"modified":"2026-04-07T12:57:36","modified_gmt":"2026-04-07T12:57:36","slug":"services-2","status":"publish","type":"page","link":"https:\/\/fullout-agency.com\/tr\/services-2\/","title":{"rendered":"services"},"content":{"rendered":"<div data-elementor-type=\"wp-page\" data-elementor-id=\"5465\" class=\"elementor elementor-5465\">\n\t\t\t\t<div class=\"elementor-element elementor-element-48fab90 e-flex e-con-boxed e-con e-parent\" data-id=\"48fab90\" data-element_type=\"container\" data-e-type=\"container\">\n\t\t\t\t\t<div class=\"e-con-inner\">\n\t\t<div class=\"elementor-element elementor-element-6b446ba e-con-full e-flex e-con e-child\" data-id=\"6b446ba\" data-element_type=\"container\" data-e-type=\"container\">\n\t\t\t\t<div class=\"elementor-element elementor-element-7a683f6 type-4 elementor-widget elementor-widget-gt3-core-portfoliotitle\" data-id=\"7a683f6\" data-element_type=\"widget\" data-e-type=\"widget\" data-widget_type=\"gt3-core-portfoliotitle.default\">\n\t\t\t\t<div class=\"elementor-widget-container\">\n\t\t\t\t\t\t\t<div class=\"portfolio_wrapper\">\r\n\t\t\t\t<div class=\"links_wrapper\"><div class=\"portfolio_item_wrap\" data-index=\"0\"><a href=\"https:\/\/fullout-agency.com\/tr\/portfolio\/choreography\/\" target='_self'>CHOREOGRAPHY<\/a><\/div><div class=\"portfolio_item_wrap\" data-index=\"1\"><a href=\"https:\/\/fullout-agency.com\/tr\/portfolio\/assistant-choreographer\/\" target='_self'>ASSISTANT CHOREOGRAPHER<\/a><\/div><div class=\"portfolio_item_wrap\" data-index=\"2\"><a href=\"https:\/\/fullout-agency.com\/tr\/portfolio\/movement-director\/\" target='_self'>MOVEMENT DIRECTOR<\/a><\/div><div class=\"portfolio_item_wrap\" data-index=\"3\"><a href=\"https:\/\/fullout-agency.com\/tr\/portfolio\/dance-director\/\" target='_self'>DANCE DIRECTOR<\/a><\/div><div class=\"portfolio_item_wrap\" data-index=\"4\"><a href=\"https:\/\/fullout-agency.com\/tr\/portfolio\/stage-director\/\" target='_self'>STAGE DIRECTOR<\/a><\/div><div class=\"portfolio_item_wrap\" data-index=\"5\"><a href=\"https:\/\/fullout-agency.com\/tr\/portfolio\/creative-director\/\" target='_self'>CREATIVE DIRECTOR<\/a><\/div><div class=\"portfolio_item_wrap\" data-index=\"6\"><a href=\"https:\/\/fullout-agency.com\/tr\/portfolio\/show-director\/\" target='_self'>SHOW DIRECTOR<\/a><\/div><div class=\"portfolio_item_wrap\" data-index=\"7\"><a href=\"https:\/\/fullout-agency.com\/tr\/portfolio\/movement-coach\/\" target='_self'>MOVEMENT COACH<\/a><\/div><div class=\"portfolio_item_wrap\" data-index=\"8\"><a href=\"https:\/\/fullout-agency.com\/tr\/portfolio\/dancer\/\" target='_self'>DANCER<\/a><\/div><div class=\"portfolio_item_wrap\" data-index=\"9\"><a href=\"https:\/\/fullout-agency.com\/tr\/portfolio\/performer\/\" target='_self'>PERFORMER<\/a><\/div><div class=\"portfolio_item_wrap\" data-index=\"10\"><a href=\"https:\/\/fullout-agency.com\/tr\/portfolio\/dance-influencer\/\" target='_self'>DANCE INFLUENCER<\/a><\/div><div class=\"portfolio_item_wrap\" data-index=\"11\"><a href=\"https:\/\/fullout-agency.com\/tr\/portfolio\/dance-workshop\/\" target='_self'>DANCE WORKSHOP<\/a><\/div><div class=\"portfolio_item_wrap\" data-index=\"12\"><a href=\"https:\/\/fullout-agency.com\/tr\/portfolio\/dance-costumes\/\" target='_self'>DANCE COSTUMES<\/a><\/div><div class=\"portfolio_item_wrap\" data-index=\"13\"><a href=\"https:\/\/fullout-agency.com\/tr\/portfolio\/dance-educators\/\" target='_self'>DANCE EDUCATORS<\/a><\/div><div class=\"portfolio_item_wrap\" data-index=\"14\"><a href=\"https:\/\/fullout-agency.com\/tr\/portfolio\/studio-hire\/\" target='_self'>STUDIO HIRE<\/a><\/div><\/div>\r\n\t\t\t\t\t\t\t<div class=\"text_wrapper\"><div class=\"portfolio_item_text\" data-index=\"0\"><p>Sahnedeki t\u00fcm dans d\u00fczenini ve hareket dilini tasarlar.\n<\/p><\/div><div class=\"portfolio_item_text\" data-index=\"1\"><p>Koreografinin sahada do\u011fru ve h\u0131zl\u0131 \u015fekilde uygulanmas\u0131n\u0131 sa\u011flar.\n<\/p><\/div><div class=\"portfolio_item_text\" data-index=\"2\"><p>Dans d\u0131\u015f\u0131 beden dili, duru\u015f ve fiziksel anlat\u0131m\u0131 tasarlar.\n<\/p><\/div><div class=\"portfolio_item_text\" data-index=\"3\"><p>Dans\u00e7\u0131 ekibini ve t\u00fcm dans operasyonunu y\u00f6netir.\n<\/p><\/div><div class=\"portfolio_item_text\" data-index=\"4\"><p>Sahne \u00fczerindeki ak\u0131\u015f, giri\u015f-\u00e7\u0131k\u0131\u015f ve zamanlamay\u0131 y\u00f6netir.\n<\/p><\/div><div class=\"portfolio_item_text\" data-index=\"5\"><p>Projenin t\u00fcm yarat\u0131c\u0131 vizyonunu ve estetik dilini belirler.\n<\/p><\/div><div class=\"portfolio_item_text\" data-index=\"6\"><p>G\u00f6steriyi u\u00e7tan uca y\u00f6neten ve final sahne kararlar\u0131n\u0131 veren ki\u015fidir.\n<\/p><\/div><div class=\"portfolio_item_text\" data-index=\"7\"><p>Performans\u00e7\u0131n\u0131n beden fark\u0131ndal\u0131\u011f\u0131n\u0131 ve sahne kontrol\u00fcn\u00fc geli\u015ftirir.\n<\/p><\/div><div class=\"portfolio_item_text\" data-index=\"8\"><p>Sahnedeki koreografiyi profesyonel olarak icra eder.\n<\/p><\/div><div class=\"portfolio_item_text\" data-index=\"9\"><p>Dans\u0131n yan\u0131 s\u0131ra oyunculuk, ses veya akrobatik disiplinlerde performans sergileyen sanat\u00e7\u0131d\u0131r.\n<\/p><\/div><div class=\"portfolio_item_text\" data-index=\"10\"><p>Dijital platformlar i\u00e7in dans odakl\u0131 i\u00e7erik \u00fcreten performer.\n<\/p><\/div><div class=\"portfolio_item_text\" data-index=\"11\"><p>Belirli bir teknik, stil veya koreografi oda\u011f\u0131nda; kat\u0131l\u0131mc\u0131lar\u0131n aktif olarak dahil oldu\u011fu, e\u011fitmen y\u00f6nlendirmesiyle \u00f6\u011frenme, deneme ve geli\u015fim s\u00fcrecini kapsayan uygulamal\u0131 dans \u00e7al\u0131\u015fmas\u0131d\u0131r.<\/p><\/div><div class=\"portfolio_item_text\" data-index=\"12\"><p>Konsepte \u00f6zel kost\u00fcm tasar\u0131m\u0131 ve styling.\n<\/p><\/div><div class=\"portfolio_item_text\" data-index=\"13\"><p>Kat\u0131l\u0131mc\u0131lara yap\u0131land\u0131r\u0131lm\u0131\u015f \u00f6\u011frenme deneyimlerinde rehberlik eden; teknik, yarat\u0131c\u0131l\u0131k ve performans becerilerini geli\u015ftirirken uzman mentorluk ile bireysel geli\u015fimi destekleyen dans e\u011fitmenleri.<\/p><\/div><div class=\"portfolio_item_text\" data-index=\"14\"><p>Prova, casting ve \u00e7ekim s\u00fcre\u00e7leri i\u00e7in st\u00fcdyo kullan\u0131m\u0131.\n<\/p><\/div><\/div>\r\n\t\t\t\t\t\t\t\t\t\t<div class=\"preview_wrapper\"><img decoding=\"async\" class=\"image_background\" src=\"https:\/\/fullout-agency.com\/wp-content\/uploads\/2026\/03\/218A6193-1-scaled.webp\" alt=\"CHOREOGRAPHY\"  data-index=\"0\"\/><img decoding=\"async\" class=\"image_background\" src=\"https:\/\/fullout-agency.com\/wp-content\/uploads\/2026\/03\/Ekran-Resmi-2026-03-11-11.48.33.webp\" alt=\"ASSISTANT CHOREOGRAPHER\"  data-index=\"1\"\/><img decoding=\"async\" class=\"image_background\" src=\"https:\/\/fullout-agency.com\/wp-content\/uploads\/2026\/02\/Copy-of-FOA_page-0001-1-1-scaled.jpg\" alt=\"MOVEMENT DIRECTOR\"  data-index=\"2\"\/><img decoding=\"async\" class=\"image_background\" src=\"https:\/\/fullout-agency.com\/wp-content\/uploads\/2026\/02\/Copy-of-FOA_page-0001-1-2-scaled.jpg\" alt=\"DANCE DIRECTOR\"  data-index=\"3\"\/><img decoding=\"async\" class=\"image_background\" src=\"https:\/\/fullout-agency.com\/wp-content\/uploads\/2026\/03\/stage-director.webp\" alt=\"STAGE DIRECTOR\"  data-index=\"4\"\/><img decoding=\"async\" class=\"image_background\" src=\"https:\/\/fullout-agency.com\/wp-content\/uploads\/2026\/02\/Copy-of-FOA_page-0001-1-3-scaled.jpg\" alt=\"CREATIVE DIRECTOR\"  data-index=\"5\"\/><img decoding=\"async\" class=\"image_background\" src=\"https:\/\/fullout-agency.com\/wp-content\/uploads\/2026\/02\/Copy-of-FOA-1_page-0001-1-1-scaled.jpg\" alt=\"SHOW DIRECTOR\"  data-index=\"6\"\/><img decoding=\"async\" class=\"image_background\" src=\"https:\/\/fullout-agency.com\/wp-content\/uploads\/2026\/02\/Copy-of-FOA_page-0001-1-4-scaled.jpg\" alt=\"MOVEMENT COACH\"  data-index=\"7\"\/><img decoding=\"async\" class=\"image_background\" src=\"https:\/\/fullout-agency.com\/wp-content\/uploads\/2026\/02\/Copy-of-FOA-1_page-0001-1-2-scaled.jpg\" alt=\"DANCER\"  data-index=\"8\"\/><img decoding=\"async\" class=\"image_background\" src=\"https:\/\/fullout-agency.com\/wp-content\/uploads\/2026\/02\/Copy-of-FOA-2_page-0001-1-scaled.jpg\" alt=\"PERFORMER\"  data-index=\"9\"\/><img decoding=\"async\" class=\"image_background\" src=\"https:\/\/fullout-agency.com\/wp-content\/uploads\/2026\/02\/Copy-of-FOA_page-0001-2-scaled.jpg\" alt=\"DANCE INFLUENCER\"  data-index=\"10\"\/><img decoding=\"async\" class=\"image_background\" src=\"https:\/\/fullout-agency.com\/wp-content\/uploads\/2026\/02\/Copy-of-FOA_page-0001-1-5-scaled.jpg\" alt=\"DANCE WORKSHOP\"  data-index=\"11\"\/><img decoding=\"async\" class=\"image_background\" src=\"https:\/\/fullout-agency.com\/wp-content\/uploads\/2026\/02\/Copy-of-FOA-1_page-0001-1-3-scaled.jpg\" alt=\"DANCE COSTUMES\"  data-index=\"12\"\/><img decoding=\"async\" class=\"image_background\" src=\"https:\/\/fullout-agency.com\/wp-content\/uploads\/2026\/02\/downloadgram.org_468548977_18285408784242516_7945408339738620373_n.jpg\" alt=\"DANCE EDUCATORS\"  data-index=\"13\"\/><img decoding=\"async\" class=\"image_background\" src=\"https:\/\/fullout-agency.com\/wp-content\/uploads\/2026\/02\/Copy-of-FOA-2_page-0001-1-1-scaled.jpg\" alt=\"STUDIO HIRE\"  data-index=\"14\"\/><\/div>\r\n\t\t\t<\/div><script type=\"application\/json\" id=\"settings--7a683f6\">[]<\/script>\t\t\t\t<\/div>\n\t\t\t\t<\/div>\n\t\t\t\t<\/div>\n\t\t\t\t\t<\/div>\n\t\t\t\t<\/div>\n\t\t\t\t<\/div>","protected":false},"excerpt":{"rendered":"<p>CHOREOGRAPHYASSISTANT CHOREOGRAPHERMOVEMENT DIRECTORDANCE DIRECTORSTAGE DIRECTORCREATIVE DIRECTORSHOW DIRECTORMOVEMENT COACHDANCERPERFORMERDANCE INFLUENCERDANCE WORKSHOPDANCE COSTUMESDANCE EDUCATORSSTUDIO HIRE Designs all dance arrangements and the language of movement on stage. Ensures the accurate and efficient execution of the choreography on the field. Designs non-dance body language, posture, and physical expression. Manages the dance crew and all dance operations. Manages the flow, [&hellip;]<\/p>\n","protected":false},"author":1,"featured_media":0,"parent":0,"menu_order":0,"comment_status":"closed","ping_status":"closed","template":"","meta":{"footnotes":""},"class_list":["post-5465","page","type-page","status-publish","hentry"],"_hostinger_reach_plugin_has_subscription_block":false,"_hostinger_reach_plugin_is_elementor":false,"_links":{"self":[{"href":"https:\/\/fullout-agency.com\/tr\/wp-json\/wp\/v2\/pages\/5465","targetHints":{"allow":["GET"]}}],"collection":[{"href":"https:\/\/fullout-agency.com\/tr\/wp-json\/wp\/v2\/pages"}],"about":[{"href":"https:\/\/fullout-agency.com\/tr\/wp-json\/wp\/v2\/types\/page"}],"author":[{"embeddable":true,"href":"https:\/\/fullout-agency.com\/tr\/wp-json\/wp\/v2\/users\/1"}],"replies":[{"embeddable":true,"href":"https:\/\/fullout-agency.com\/tr\/wp-json\/wp\/v2\/comments?post=5465"}],"version-history":[{"count":55,"href":"https:\/\/fullout-agency.com\/tr\/wp-json\/wp\/v2\/pages\/5465\/revisions"}],"predecessor-version":[{"id":14223,"href":"https:\/\/fullout-agency.com\/tr\/wp-json\/wp\/v2\/pages\/5465\/revisions\/14223"}],"wp:attachment":[{"href":"https:\/\/fullout-agency.com\/tr\/wp-json\/wp\/v2\/media?parent=5465"}],"curies":[{"name":"wp","href":"https:\/\/api.w.org\/{rel}","templated":true}]}}